{"id":5693,"date":"2025-09-17T10:59:12","date_gmt":"2025-09-17T17:59:12","guid":{"rendered":"https:\/\/phoenixwbc.org\/programs\/"},"modified":"2025-09-18T11:45:41","modified_gmt":"2025-09-18T18:45:41","slug":"programs","status":"publish","type":"page","link":"https:\/\/phoenixwbc.org\/es\/programs\/","title":{"rendered":"Programs"},"content":{"rendered":"<div id='av_section_1'  class='avia-section main_color avia-section-default avia-no-border-styling  av-section-color-overlay-active avia-bg-style-fixed  avia-builder-el-0  el_before_av_section  avia-builder-el-first   container_wrap sidebar_right' style=' '  ><div class='av-section-color-overlay-wrap'><div class='av-section-color-overlay' style='opacity: 0.9; background-color: #ffffff; '><\/div><div class='container' ><main  role=\"main\" itemprop=\"mainContentOfPage\"  class='template-page content  av-content-small alpha units'><div class='post-entry post-entry-type-page post-entry-5693'><div class='entry-content-wrapper clearfix'>\n<div  class='avia-image-container  av-styling-    avia-builder-el-1  avia-builder-el-no-sibling  avia-align-left '  itemprop=\"image\" itemscope=\"itemscope\" itemtype=\"https:\/\/schema.org\/ImageObject\"  ><div class='avia-image-container-inner'><div class='avia-image-overlay-wrap'><img decoding=\"async\" class='wp-image-1875 avia-img-lazy-loading-not-1875 avia_image' src=\"https:\/\/phoenixwbc.org\/wp-content\/uploads\/2022\/09\/Programas-1030x266-1.png\" alt='Programas' title='Programas' height=\"266\" width=\"1030\"  itemprop=\"thumbnailUrl\" srcset=\"https:\/\/phoenixwbc.org\/wp-content\/uploads\/2022\/09\/Programas-1030x266-1.png 1030w, https:\/\/phoenixwbc.org\/wp-content\/uploads\/2022\/09\/Programas-1030x266-1-300x77.png 300w, https:\/\/phoenixwbc.org\/wp-content\/uploads\/2022\/09\/Programas-1030x266-1-768x198.png 768w, https:\/\/phoenixwbc.org\/wp-content\/uploads\/2022\/09\/Programas-1030x266-1-705x182.png 705w\" sizes=\"(max-width: 1030px) 100vw, 1030px\" \/><\/div><\/div><\/div>\n\n<\/div><\/div><\/main><!-- close content main element --><\/div><\/div><\/div><div id='av_section_2'  class='avia-section main_color avia-section-default avia-no-border-styling  av-section-color-overlay-active avia-bg-style-fixed  avia-builder-el-2  el_after_av_section  el_before_av_section   av-minimum-height av-minimum-height-100  container_wrap sidebar_right' style=' '   data-av_minimum_height_pc='100'><div class='av-section-color-overlay-wrap'><div class='av-section-color-overlay' style='opacity: 0.9; background-color: #ffffff; '><\/div><div class='container' ><div class='template-page content  av-content-small alpha units'><div class='post-entry post-entry-type-page post-entry-5693'><div class='entry-content-wrapper clearfix'>\n<div class=\"flex_column av_one_fourth  flex_column_div av-zero-column-padding first  avia-builder-el-3  el_before_av_three_fourth  avia-builder-el-first  \" style='border-radius:0px; '><div  class='avia-image-container  av-styling-    avia-builder-el-4  avia-builder-el-no-sibling  avia-align-left '  itemprop=\"image\" itemscope=\"itemscope\" itemtype=\"https:\/\/schema.org\/ImageObject\"  ><div class='avia-image-container-inner'><div class='avia-image-overlay-wrap'><img decoding=\"async\" class='wp-image-5701 avia-img-lazy-loading-not-5701 avia_image' src=\"https:\/\/phoenixwbc.org\/wp-content\/uploads\/2025\/09\/Emprende-Con-Exito-Logo-300x300.png\" alt='' title='Emprende Con E\u0301xito - Logo' height=\"300\" width=\"300\"  itemprop=\"thumbnailUrl\" srcset=\"https:\/\/phoenixwbc.org\/wp-content\/uploads\/2025\/09\/Emprende-Con-Exito-Logo-300x300.png 300w, https:\/\/phoenixwbc.org\/wp-content\/uploads\/2025\/09\/Emprende-Con-Exito-Logo-1030x1030.png 1030w, https:\/\/phoenixwbc.org\/wp-content\/uploads\/2025\/09\/Emprende-Con-Exito-Logo-80x80.png 80w, https:\/\/phoenixwbc.org\/wp-content\/uploads\/2025\/09\/Emprende-Con-Exito-Logo-768x768.png 768w, https:\/\/phoenixwbc.org\/wp-content\/uploads\/2025\/09\/Emprende-Con-Exito-Logo-36x36.png 36w, https:\/\/phoenixwbc.org\/wp-content\/uploads\/2025\/09\/Emprende-Con-Exito-Logo-180x180.png 180w, https:\/\/phoenixwbc.org\/wp-content\/uploads\/2025\/09\/Emprende-Con-Exito-Logo-705x705.png 705w, https:\/\/phoenixwbc.org\/wp-content\/uploads\/2025\/09\/Emprende-Con-Exito-Logo.png 1080w\" sizes=\"(max-width: 300px) 100vw, 300px\" \/><\/div><\/div><\/div><\/div><div class=\"flex_column av_three_fourth  flex_column_div av-zero-column-padding   avia-builder-el-5  el_after_av_one_fourth  el_before_av_one_fourth  \" style='border-radius:0px; '><section class=\"av_textblock_section \"  itemscope=\"itemscope\" itemtype=\"https:\/\/schema.org\/CreativeWork\" ><div class='avia_textblock  '  style='font-size:20px; '  itemprop=\"text\" ><h3 style=\"font-size: 1.8em;\">WBC Emprende Con \u00c9xito<\/h3>\n<p>Este taller introductorio est\u00e1 dise\u00f1ado para emprendedores nuevos al Centro de Negocios para Mujeres (WBC) y ofrece una gu\u00eda sobre nuestros programas de educaci\u00f3n empresarial, el proceso de inscripci\u00f3n y nuestros servicios de consultor\u00eda individual. Adem\u00e1s, incluye temas de tecnolog\u00eda b\u00e1sica, como crear y usar el correo electr\u00f3nico, para ayudarte a fortalecer tus habilidades digitales. Ya sea que est\u00e9s iniciando o haciendo crecer tu negocio, WBC Emprende Con \u00c9xito te muestra c\u00f3mo nuestros recursos pueden apoyar tus metas y prepararte para el \u00e9xito.<\/p>\n<\/div><\/section><\/div><div class=\"flex_column av_one_fourth  flex_column_div av-zero-column-padding first  avia-builder-el-7  el_after_av_three_fourth  el_before_av_three_fourth  column-top-margin\" style='border-radius:0px; '><div  class='avia-image-container  av-styling-    avia-builder-el-8  avia-builder-el-no-sibling  avia-align-left '  itemprop=\"image\" itemscope=\"itemscope\" itemtype=\"https:\/\/schema.org\/ImageObject\"  ><div class='avia-image-container-inner'><div class='avia-image-overlay-wrap'><img decoding=\"async\" class='wp-image-5698 avia-img-lazy-loading-not-5698 avia_image' src=\"https:\/\/phoenixwbc.org\/wp-content\/uploads\/2025\/09\/Money-festando-Logo-300x300.png\" alt='' title='Money-festando - Logo' height=\"300\" width=\"300\"  itemprop=\"thumbnailUrl\" srcset=\"https:\/\/phoenixwbc.org\/wp-content\/uploads\/2025\/09\/Money-festando-Logo-300x300.png 300w, https:\/\/phoenixwbc.org\/wp-content\/uploads\/2025\/09\/Money-festando-Logo-1030x1030.png 1030w, https:\/\/phoenixwbc.org\/wp-content\/uploads\/2025\/09\/Money-festando-Logo-80x80.png 80w, https:\/\/phoenixwbc.org\/wp-content\/uploads\/2025\/09\/Money-festando-Logo-768x768.png 768w, https:\/\/phoenixwbc.org\/wp-content\/uploads\/2025\/09\/Money-festando-Logo-36x36.png 36w, https:\/\/phoenixwbc.org\/wp-content\/uploads\/2025\/09\/Money-festando-Logo-180x180.png 180w, https:\/\/phoenixwbc.org\/wp-content\/uploads\/2025\/09\/Money-festando-Logo-705x705.png 705w, https:\/\/phoenixwbc.org\/wp-content\/uploads\/2025\/09\/Money-festando-Logo.png 1080w\" sizes=\"(max-width: 300px) 100vw, 300px\" \/><\/div><\/div><\/div><\/div><div class=\"flex_column av_three_fourth  flex_column_div av-zero-column-padding   avia-builder-el-9  el_after_av_one_fourth  el_before_av_one_fourth  column-top-margin\" style='border-radius:0px; '><section class=\"av_textblock_section \"  itemscope=\"itemscope\" itemtype=\"https:\/\/schema.org\/CreativeWork\" ><div class='avia_textblock  '  style='font-size:20px; '  itemprop=\"text\" ><h3 style=\"font-size: 1.8em;\">Money-festando<\/h3>\n<p>Convierte el conocimiento financiero en poder empresarial. Estos talleres ayudan a emprendedores a dominar el lado financiero del emprendimiento, cubriendo temas esenciales como financiamiento, flujo de efectivo, presupuestos, cr\u00e9dito y contabilidad. Ya sea que est\u00e9s comenzando o listo para expandirte, Money-festando te brinda las herramientas y la confianza para tomar control de tus finanzas, tomar decisiones m\u00e1s inteligentes y construir riqueza a largo plazo a trav\u00e9s de tu negocio.<\/p>\n<\/div><\/section><\/div><div class=\"flex_column av_one_fourth  flex_column_div av-zero-column-padding first  avia-builder-el-11  el_after_av_three_fourth  el_before_av_three_fourth  column-top-margin\" style='border-radius:0px; '><div  class='avia-image-container  av-styling-    avia-builder-el-12  avia-builder-el-no-sibling  avia-align-left '  itemprop=\"image\" itemscope=\"itemscope\" itemtype=\"https:\/\/schema.org\/ImageObject\"  ><div class='avia-image-container-inner'><div class='avia-image-overlay-wrap'><img decoding=\"async\" class='wp-image-5677 avia-img-lazy-loading-not-5677 avia_image' src=\"https:\/\/phoenixwbc.org\/wp-content\/uploads\/2025\/09\/Empowher-Hour-Logo-300x300.png\" alt='' title='Empowher Hour - Logo' height=\"300\" width=\"300\"  itemprop=\"thumbnailUrl\" srcset=\"https:\/\/phoenixwbc.org\/wp-content\/uploads\/2025\/09\/Empowher-Hour-Logo-300x300.png 300w, https:\/\/phoenixwbc.org\/wp-content\/uploads\/2025\/09\/Empowher-Hour-Logo-1030x1030.png 1030w, https:\/\/phoenixwbc.org\/wp-content\/uploads\/2025\/09\/Empowher-Hour-Logo-80x80.png 80w, https:\/\/phoenixwbc.org\/wp-content\/uploads\/2025\/09\/Empowher-Hour-Logo-768x768.png 768w, https:\/\/phoenixwbc.org\/wp-content\/uploads\/2025\/09\/Empowher-Hour-Logo-36x36.png 36w, https:\/\/phoenixwbc.org\/wp-content\/uploads\/2025\/09\/Empowher-Hour-Logo-180x180.png 180w, https:\/\/phoenixwbc.org\/wp-content\/uploads\/2025\/09\/Empowher-Hour-Logo-705x705.png 705w, https:\/\/phoenixwbc.org\/wp-content\/uploads\/2025\/09\/Empowher-Hour-Logo.png 1080w\" sizes=\"(max-width: 300px) 100vw, 300px\" \/><\/div><\/div><\/div><\/div><div class=\"flex_column av_three_fourth  flex_column_div av-zero-column-padding   avia-builder-el-13  el_after_av_one_fourth  el_before_av_one_fourth  column-top-margin\" style='border-radius:0px; '><section class=\"av_textblock_section \"  itemscope=\"itemscope\" itemtype=\"https:\/\/schema.org\/CreativeWork\" ><div class='avia_textblock  '  style='font-size:20px; '  itemprop=\"text\" ><h3 style=\"font-size: 1.8em;\">Empowher Hour:<\/h3>\n<p>Un espacio para conectar, aprender e inspirarse. Estos eventos trimestrales re\u00fanen a emprendedoras y profesionales de negocios para construir relaciones significativas mientras adquieren nuevas perspectivas de ponentes din\u00e1micos, charlas \u00edntimas o paneles. Algunas sesiones tambi\u00e9n incluyen una actividad pr\u00e1ctica dise\u00f1ada para despertar la creatividad y la motivaci\u00f3n, brind\u00e1ndote tanto aprendizajes \u00fatiles como conexiones poderosas para impulsar tu camino empresarial.<\/p>\n<\/div><\/section><\/div><div class=\"flex_column av_one_fourth  flex_column_div av-zero-column-padding first  avia-builder-el-15  el_after_av_three_fourth  el_before_av_three_fourth  column-top-margin\" style='border-radius:0px; '><div  class='avia-image-container  av-styling-    avia-builder-el-16  avia-builder-el-no-sibling  avia-align-left '  itemprop=\"image\" itemscope=\"itemscope\" itemtype=\"https:\/\/schema.org\/ImageObject\"  ><div class='avia-image-container-inner'><div class='avia-image-overlay-wrap'><img decoding=\"async\" class='wp-image-5703 avia-img-lazy-loading-not-5703 avia_image' src=\"https:\/\/phoenixwbc.org\/wp-content\/uploads\/2025\/09\/Academia-de-Empoderamiento-Logo-300x300.png\" alt='' title='Academia de Empoderamiento - Logo' height=\"300\" width=\"300\"  itemprop=\"thumbnailUrl\" srcset=\"https:\/\/phoenixwbc.org\/wp-content\/uploads\/2025\/09\/Academia-de-Empoderamiento-Logo-300x300.png 300w, https:\/\/phoenixwbc.org\/wp-content\/uploads\/2025\/09\/Academia-de-Empoderamiento-Logo-1030x1030.png 1030w, https:\/\/phoenixwbc.org\/wp-content\/uploads\/2025\/09\/Academia-de-Empoderamiento-Logo-80x80.png 80w, https:\/\/phoenixwbc.org\/wp-content\/uploads\/2025\/09\/Academia-de-Empoderamiento-Logo-768x768.png 768w, https:\/\/phoenixwbc.org\/wp-content\/uploads\/2025\/09\/Academia-de-Empoderamiento-Logo-36x36.png 36w, https:\/\/phoenixwbc.org\/wp-content\/uploads\/2025\/09\/Academia-de-Empoderamiento-Logo-180x180.png 180w, https:\/\/phoenixwbc.org\/wp-content\/uploads\/2025\/09\/Academia-de-Empoderamiento-Logo-705x705.png 705w, https:\/\/phoenixwbc.org\/wp-content\/uploads\/2025\/09\/Academia-de-Empoderamiento-Logo.png 1080w\" sizes=\"(max-width: 300px) 100vw, 300px\" \/><\/div><\/div><\/div><\/div><div class=\"flex_column av_three_fourth  flex_column_div av-zero-column-padding   avia-builder-el-17  el_after_av_one_fourth  avia-builder-el-last  column-top-margin\" style='border-radius:0px; '><section class=\"av_textblock_section \"  itemscope=\"itemscope\" itemtype=\"https:\/\/schema.org\/CreativeWork\" ><div class='avia_textblock  '  style='font-size:20px; '  itemprop=\"text\" ><h3 style=\"font-size: 1.8em;\">Academia de Empoderamiento<\/h3>\n<p>El Centro de Negocios para Mujeres (WBC) presenta la Academia de Empoderamiento, un programa presencial de 7 semanas dise\u00f1ado para ayudar a emprendedores a transformar sus ideas en negocios s\u00f3lidos y sostenibles. Este curso ofrece no solo conocimientos pr\u00e1cticos, sino tambi\u00e9n la oportunidad de crear comunidad, compartir experiencias y establecer conexiones valiosas con otros due\u00f1os de negocio.<\/p>\n<p>Los instructores \u2014asesores de negocios, empresarios y educadores\u2014 gu\u00edan a los participantes a trav\u00e9s del contenido de la Academia con ejemplos reales, herramientas aplicables y estrategias \u00fatiles. Cada clase de 2 horas combina teor\u00eda y pr\u00e1ctica, brindando apoyo personalizado y recursos que se pueden implementar de inmediato.<\/p>\n<p>A lo largo de las sesiones, los participantes trabajan en temas fundamentales como la planificaci\u00f3n, administraci\u00f3n, mercadotecnia, fijaci\u00f3n de precios, contabilidad, financiamiento, aspectos legales, y m\u00e1s. Cada tarea semanal est\u00e1 dise\u00f1ada para construir paso a paso un plan de negocios completo y funcional.<\/p>\n<p>Al concluir el programa, los estudiantes se grad\u00faan con:<\/p>\n<ul>\n<li>Un plan de negocios terminado<\/li>\n<li>Un certificado de participaci\u00f3n<\/li>\n<li>Una red fortalecida de emprendedores<\/li>\n<\/ul>\n<p>La Academia de Empoderamiento ofrece el conocimiento, la asesor\u00eda y la motivaci\u00f3n necesarios para que los participantes conviertan sus sue\u00f1os en realidad, avanzando con mayor claridad y confianza en su camino empresarial.<\/p>\n<\/div><\/section><\/div><\/div><\/div><\/div><!-- close content main div --><\/div><\/div><\/div><div id='av_section_3'  class='avia-section main_color avia-section-no-padding avia-no-border-styling  avia-bg-style-scroll  avia-builder-el-19  el_after_av_section  avia-builder-el-last   av-minimum-height av-minimum-height-custom  container_wrap sidebar_right' style='background-color: #447da3;  '  ><div class='container' style='height:10px'><div class='template-page content  av-content-small alpha units'><div class='post-entry post-entry-type-page post-entry-5693'><div class='entry-content-wrapper clearfix'><\/div><\/div><\/div><!-- close content main div --><\/div><\/div><div id='after_section_3'  class='main_color av_default_container_wrap container_wrap sidebar_right' style=' '  ><div class='container' ><div class='template-page content  av-content-small alpha units'><div class='post-entry post-entry-type-page post-entry-5693'><div class='entry-content-wrapper clearfix'><\/p>\n","protected":false},"excerpt":{"rendered":"","protected":false},"author":1,"featured_media":0,"parent":0,"menu_order":0,"comment_status":"closed","ping_status":"closed","template":"","meta":{"footnotes":""},"class_list":["post-5693","page","type-page","status-publish","hentry"],"_links":{"self":[{"href":"https:\/\/phoenixwbc.org\/es\/wp-json\/wp\/v2\/pages\/5693","targetHints":{"allow":["GET"]}}],"collection":[{"href":"https:\/\/phoenixwbc.org\/es\/wp-json\/wp\/v2\/pages"}],"about":[{"href":"https:\/\/phoenixwbc.org\/es\/wp-json\/wp\/v2\/types\/page"}],"author":[{"embeddable":true,"href":"https:\/\/phoenixwbc.org\/es\/wp-json\/wp\/v2\/users\/1"}],"replies":[{"embeddable":true,"href":"https:\/\/phoenixwbc.org\/es\/wp-json\/wp\/v2\/comments?post=5693"}],"version-history":[{"count":13,"href":"https:\/\/phoenixwbc.org\/es\/wp-json\/wp\/v2\/pages\/5693\/revisions"}],"predecessor-version":[{"id":5721,"href":"https:\/\/phoenixwbc.org\/es\/wp-json\/wp\/v2\/pages\/5693\/revisions\/5721"}],"wp:attachment":[{"href":"https:\/\/phoenixwbc.org\/es\/wp-json\/wp\/v2\/media?parent=5693"}],"curies":[{"name":"wp","href":"https:\/\/api.w.org\/{rel}","templated":true}]}}