{"id":1791,"date":"2022-09-02T08:55:08","date_gmt":"2022-09-02T15:55:08","guid":{"rendered":"https:\/\/phoenixwbc.org\/nosotros\/"},"modified":"2025-07-30T15:19:45","modified_gmt":"2025-07-30T22:19:45","slug":"nosotros","status":"publish","type":"page","link":"https:\/\/phoenixwbc.org\/es\/nosotros\/","title":{"rendered":"NOSOTROS"},"content":{"rendered":"<div id='av_section_1'  class='avia-section main_color avia-section-default avia-no-border-styling  avia-full-stretch av-section-color-overlay-active avia-bg-style-fixed  avia-builder-el-0  el_before_av_section  avia-builder-el-first   av-minimum-height av-minimum-height-100  container_wrap sidebar_right' style='background-repeat: no-repeat; background-image: url(https:\/\/phoenixwbc.org\/wp-content\/uploads\/2021\/04\/women-working-in-office.jpeg);background-attachment: fixed; background-position: top center;  '  data-section-bg-repeat='stretch' data-av_minimum_height_pc='100'><div class='av-section-color-overlay-wrap'><div class='av-section-color-overlay' style='opacity: 0.9; background-color: #ffffff; '><\/div><div class='container' ><main  role=\"main\" itemprop=\"mainContentOfPage\"  class='template-page content  av-content-small alpha units'><div class='post-entry post-entry-type-page post-entry-1791'><div class='entry-content-wrapper clearfix'>\n<div  class='avia-image-container  av-styling-    avia-builder-el-1  el_before_av_two_third  avia-builder-el-first  avia-align-left '  itemprop=\"image\" itemscope=\"itemscope\" itemtype=\"https:\/\/schema.org\/ImageObject\"  ><div class='avia-image-container-inner'><div class='avia-image-overlay-wrap'><img decoding=\"async\" class='wp-image-462 avia-img-lazy-loading-not-462 avia_image' src=\"https:\/\/phoenixwbc.org\/wp-content\/uploads\/2021\/05\/about-1030x266.png\" alt='' title='about' height=\"266\" width=\"1030\"  itemprop=\"thumbnailUrl\" srcset=\"https:\/\/phoenixwbc.org\/wp-content\/uploads\/2021\/05\/about-1030x266.png 1030w, https:\/\/phoenixwbc.org\/wp-content\/uploads\/2021\/05\/about-300x77.png 300w, https:\/\/phoenixwbc.org\/wp-content\/uploads\/2021\/05\/about-768x198.png 768w, https:\/\/phoenixwbc.org\/wp-content\/uploads\/2021\/05\/about-705x182.png 705w, https:\/\/phoenixwbc.org\/wp-content\/uploads\/2021\/05\/about.png 1116w\" sizes=\"(max-width: 1030px) 100vw, 1030px\" \/><\/div><\/div><\/div>\n<div class=\"flex_column av_two_third  flex_column_div av-zero-column-padding first  avia-builder-el-2  el_after_av_image  el_before_av_one_third  \" style='border-radius:0px; '><section class=\"av_textblock_section \"  itemscope=\"itemscope\" itemtype=\"https:\/\/schema.org\/CreativeWork\" ><div class='avia_textblock  '  style='font-size:20px; '  itemprop=\"text\" ><h2>QUIENES SOMOS<\/h2>\n<p>En el Centro de Negocios para Mujeres de CPLC Prestamos, sabemos que operar un negocio exitoso es un viaje, y estamos comprometidos a ser parte de ese viaje en cada paso del camino.\u200b<\/p>\n<p>Entendemos que no hay dos negocios o emprendedores iguales, es por eso que adoptamos un enfoque personalizado para ayudar a garantizar que reciba la ayuda especializada para abordar y satisfacer sus necesidades.<\/p>\n<p>Lo logramos a trav\u00e9s de varias formas, que incluyen educaci\u00f3n financiera, capacitaci\u00f3n y consultor\u00eda comercial personalizada.\u200b<\/p>\n<p><strong>Misi\u00f3n<\/strong>: Brindar asesoramiento, capacitaci\u00f3n, asistencia de negocios as\u00ed como acceso a capital para mujeres que buscan hacer crecer o iniciar su empresa.<\/p>\n<p><strong>Visi\u00f3n<\/strong>: Tener una comunidad de peque\u00f1as empresas econ\u00f3micamente empoderadas donde las mujeres tengan igual acceso a los recursos, la capacitaci\u00f3n y el acceso al capital en un entorno de apoyo.<\/p>\n<\/div><\/section><\/div><div class=\"flex_column av_one_third  flex_column_div av-zero-column-padding   avia-builder-el-4  el_after_av_two_third  avia-builder-el-last  \" style='border-radius:0px; '><section class=\"av_textblock_section \"  itemscope=\"itemscope\" itemtype=\"https:\/\/schema.org\/CreativeWork\" ><div class='avia_textblock  '  style='font-size:20px; '  itemprop=\"text\" ><h3>OUR OTHER RESOURCES<\/h3>\n<p><div  class='avia-button-wrap avia-button-left  avia-builder-el-6  el_before_av_button  avia-builder-el-first ' ><a href='https:\/\/prestamoscdfi.org\/' class='avia-button  avia-color-theme-color   avia-icon_select-no avia-size-large avia-position-left ' target=\"_blank\" rel=\"noopener noreferrer\"><span class='avia_iconbox_title' >Prestamos CDFI<\/span><\/a><\/div><br \/>\n<div  class='avia-button-wrap avia-button-left  avia-builder-el-7  el_after_av_button  avia-builder-el-last ' ><a href='https:\/\/mbdanevada.com\/' class='avia-button  avia-color-theme-color   avia-icon_select-no avia-size-large avia-position-left ' target=\"_blank\" rel=\"noopener noreferrer\"><span class='avia_iconbox_title' >MBDA Nevada<\/span><\/a><\/div><\/p>\n<\/div><\/section><\/div>\n\n<\/div><\/div><\/main><!-- close content main element --><\/div><\/div><\/div><div id='av_section_2'  class='avia-section alternate_color avia-section-default avia-no-border-styling  avia-bg-style-scroll  avia-builder-el-8  el_after_av_section  el_before_av_section   container_wrap sidebar_right' style='background-color: #447da3;  '  ><div class='container' ><div class='template-page content  av-content-small alpha units'><div class='post-entry post-entry-type-page post-entry-1791'><div class='entry-content-wrapper clearfix'>\n<div class=\"flex_column av_two_third  flex_column_div av-zero-column-padding first  avia-builder-el-9  el_before_av_one_third  avia-builder-el-first  \" style='border-radius:0px; '><section class=\"av_textblock_section \"  itemscope=\"itemscope\" itemtype=\"https:\/\/schema.org\/CreativeWork\" ><div class='avia_textblock  '  style='font-size:20px; '  itemprop=\"text\" ><h2><span style=\"color: #ffffff;\">QU\u00c9 HACEMOS<\/span><\/h2>\n<h3><span style=\"color: #ffffff;\">Asistencia<\/span><\/h3>\n<ul>\n<li>Asistencia t\u00e9cnica, educaci\u00f3n y acceso a capital para empresas propiedad de mujeres.<\/li>\n<\/ul>\n<h3><span style=\"color: #ffffff;\">Creaci\u00f3n<\/span>\u200b<\/h3>\n<ul>\n<li>Un centro de negocios inclusivo y diverso para que las participantes colaboren \u200b<\/li>\n<li>Oportunidades financieras y de redes de contactos de negocio<\/li>\n<\/ul>\n<h3><span style=\"color: #ffffff;\">Expansi\u00f3n \u200b<\/span><\/h3>\n<ul>\n<li>Negocios establecidos y nuevas empresas<\/li>\n<li>Empleo, crecimiento de capital, oportunidades de contrataci\u00f3n p\u00fablica y certificaciones para contrataci\u00f3n gubernamental (WBE, MBE, etc.)<\/li>\n<\/ul>\n<\/div><\/section><br \/>\n<section class=\"av_textblock_section \"  itemscope=\"itemscope\" itemtype=\"https:\/\/schema.org\/CreativeWork\" ><div class='avia_textblock  '   itemprop=\"text\" ><h3 style=\"text-align: left;\"><span style=\"color: #ffffff;\"><strong>Al ser parte del Centro de Negocios para Mujeres de Prestamos recibir\u00e1 acceso a:\u200b<\/strong><\/span><\/h3>\n<ul>\n<li>Entrenamiento Individualizado<\/li>\n<li>Talleres<\/li>\n<li>Microcr\u00e9ditos<\/li>\n<li>Redes<\/li>\n<li>Asistencia t\u00e9cnica<\/li>\n<li>Recursos<\/li>\n<\/ul>\n<p>\u200b<\/p>\n<\/div><\/section><br \/>\n<div  class='avia-buttonrow-wrap avia-buttonrow-left   avia-builder-el-12  el_after_av_textblock  avia-builder-el-last '>\n<a href='https:\/\/phoenixwbc.org\/es\/solicitar\/'  class='avia-button  avia-color-theme-color  avia-icon_select-no avia-size-small '  target=\"_blank\"  rel=\"noopener noreferrer\" style='color:#666666; margin-bottom:5px; margin-right:5px; ' ><span class='avia_iconbox_title' >Solicitalo<\/span><span class='avia_button_background avia-button avia-color-theme-color-highlight' ><\/span><\/a>\n<a href=''  class='avia-button  avia-color-light  avia-icon_select-no avia-size-small '  style='margin-bottom:5px; margin-right:5px; ' ><span class='avia_iconbox_title' >Talleres<\/span><\/a>\n<\/div><\/p><\/div><div class=\"flex_column av_one_third  flex_column_div av-zero-column-padding   avia-builder-el-13  el_after_av_two_third  avia-builder-el-last  \" style='border-radius:0px; '><\/div>\n\n<\/div><\/div><\/div><!-- close content main div --><\/div><\/div><div id='av_section_3'  class='avia-section main_color avia-section-default avia-no-border-styling  avia-bg-style-scroll  avia-builder-el-14  el_after_av_section  el_before_av_section   container_wrap sidebar_right' style='background-color: #f7951d;  '  ><div class='container' ><div class='template-page content  av-content-small alpha units'><div class='post-entry post-entry-type-page post-entry-1791'><div class='entry-content-wrapper clearfix'>\n<section class=\"av_textblock_section \"  itemscope=\"itemscope\" itemtype=\"https:\/\/schema.org\/CreativeWork\" ><div class='avia_textblock  '   itemprop=\"text\" ><h2><span style=\"color: #ffffff;\">Our Team<\/span><\/h2>\n<\/div><\/section>\n<div  class='av-horizontal-gallery av-horizontal-gallery-large-gap av-horizontal-gallery-enlarge-effect av-horizontal-gallery-1  avia-builder-el-16  el_after_av_textblock  avia-builder-el-last  av-control-default '  itemprop=\"image\" itemscope=\"itemscope\" itemtype=\"https:\/\/schema.org\/ImageObject\"  style='padding: 3.75% 0px;' data-av-enlarge='1.3'  ><div class='avia-slideshow-arrows avia-slideshow-controls' ><a href='#prev' class='prev-slide av-horizontal-gallery-prev' aria-hidden='true' data-av_icon='\ue87c' data-av_iconfont='entypo-fontello' aria-hidden='true' tabindex='-1'>Anterior<\/a><a href='#next' class='next-slide av-horizontal-gallery-next' aria-hidden='true' data-av_icon='\ue87d' data-av_iconfont='entypo-fontello' aria-hidden='true' tabindex='-1'>Posterior<\/a><\/div><div class='av-horizontal-gallery-inner' style='padding-bottom:25%' data-av-height='25'><div class='av-horizontal-gallery-slider'><div class='av-horizontal-gallery-wrap noHover'><img decoding=\"async\" class='wp-image-5616 avia-img-lazy-loading-not-5616 av-horizontal-gallery-img' width=\"350\" height=\"350\" src=\"https:\/\/phoenixwbc.org\/wp-content\/uploads\/2025\/07\/Laura-Suarez-Program-Director-Prestamos-WBC.png\" title='Laura Suarez - Program Director - Prestamos WBC' alt='info@phoenixwbc.org' srcset=\"https:\/\/phoenixwbc.org\/wp-content\/uploads\/2025\/07\/Laura-Suarez-Program-Director-Prestamos-WBC.png 350w, https:\/\/phoenixwbc.org\/wp-content\/uploads\/2025\/07\/Laura-Suarez-Program-Director-Prestamos-WBC-300x300.png 300w, https:\/\/phoenixwbc.org\/wp-content\/uploads\/2025\/07\/Laura-Suarez-Program-Director-Prestamos-WBC-80x80.png 80w, https:\/\/phoenixwbc.org\/wp-content\/uploads\/2025\/07\/Laura-Suarez-Program-Director-Prestamos-WBC-36x36.png 36w, https:\/\/phoenixwbc.org\/wp-content\/uploads\/2025\/07\/Laura-Suarez-Program-Director-Prestamos-WBC-180x180.png 180w\" sizes=\"(max-width: 350px) 100vw, 350px\" \/><a href=\"https:\/\/phoenixwbc.org\/wp-content\/uploads\/2025\/07\/Laura-Suarez-Program-Director-Prestamos-WBC.png\" data-srcset=\"https:\/\/phoenixwbc.org\/wp-content\/uploads\/2025\/07\/Laura-Suarez-Program-Director-Prestamos-WBC.png 350w, https:\/\/phoenixwbc.org\/wp-content\/uploads\/2025\/07\/Laura-Suarez-Program-Director-Prestamos-WBC-300x300.png 300w, https:\/\/phoenixwbc.org\/wp-content\/uploads\/2025\/07\/Laura-Suarez-Program-Director-Prestamos-WBC-80x80.png 80w, https:\/\/phoenixwbc.org\/wp-content\/uploads\/2025\/07\/Laura-Suarez-Program-Director-Prestamos-WBC-36x36.png 36w, https:\/\/phoenixwbc.org\/wp-content\/uploads\/2025\/07\/Laura-Suarez-Program-Director-Prestamos-WBC-180x180.png 180w\" data-sizes=\"(max-width: 350px) 100vw, 350px\" class='av-horizontal-gallery-link' aria-hidden='true' data-av_icon='\ue869' data-av_iconfont='entypo-fontello' title='Laura Suarez - Program Director - Prestamos WBC' alt='info@phoenixwbc.org'><\/a><\/div><div class='av-horizontal-gallery-wrap noHover'><img decoding=\"async\" class='wp-image-5618 avia-img-lazy-loading-not-5618 av-horizontal-gallery-img' width=\"350\" height=\"350\" src=\"https:\/\/phoenixwbc.org\/wp-content\/uploads\/2025\/07\/Silvia-Avila-Program-Coordinator-Prestamos-WBC.png\" title='Silvia Avila - Program Coordinator - Prestamos WBC' alt='info@phoenixwbc.org' srcset=\"https:\/\/phoenixwbc.org\/wp-content\/uploads\/2025\/07\/Silvia-Avila-Program-Coordinator-Prestamos-WBC.png 350w, https:\/\/phoenixwbc.org\/wp-content\/uploads\/2025\/07\/Silvia-Avila-Program-Coordinator-Prestamos-WBC-300x300.png 300w, https:\/\/phoenixwbc.org\/wp-content\/uploads\/2025\/07\/Silvia-Avila-Program-Coordinator-Prestamos-WBC-80x80.png 80w, https:\/\/phoenixwbc.org\/wp-content\/uploads\/2025\/07\/Silvia-Avila-Program-Coordinator-Prestamos-WBC-36x36.png 36w, https:\/\/phoenixwbc.org\/wp-content\/uploads\/2025\/07\/Silvia-Avila-Program-Coordinator-Prestamos-WBC-180x180.png 180w\" sizes=\"(max-width: 350px) 100vw, 350px\" \/><a href=\"https:\/\/phoenixwbc.org\/wp-content\/uploads\/2025\/07\/Silvia-Avila-Program-Coordinator-Prestamos-WBC.png\" data-srcset=\"https:\/\/phoenixwbc.org\/wp-content\/uploads\/2025\/07\/Silvia-Avila-Program-Coordinator-Prestamos-WBC.png 350w, https:\/\/phoenixwbc.org\/wp-content\/uploads\/2025\/07\/Silvia-Avila-Program-Coordinator-Prestamos-WBC-300x300.png 300w, https:\/\/phoenixwbc.org\/wp-content\/uploads\/2025\/07\/Silvia-Avila-Program-Coordinator-Prestamos-WBC-80x80.png 80w, https:\/\/phoenixwbc.org\/wp-content\/uploads\/2025\/07\/Silvia-Avila-Program-Coordinator-Prestamos-WBC-36x36.png 36w, https:\/\/phoenixwbc.org\/wp-content\/uploads\/2025\/07\/Silvia-Avila-Program-Coordinator-Prestamos-WBC-180x180.png 180w\" data-sizes=\"(max-width: 350px) 100vw, 350px\" class='av-horizontal-gallery-link' aria-hidden='true' data-av_icon='\ue869' data-av_iconfont='entypo-fontello' title='Silvia Avila - Program Coordinator - Prestamos WBC' alt='info@phoenixwbc.org'><\/a><\/div><div class='av-horizontal-gallery-wrap noHover'><img decoding=\"async\" class='wp-image-5612 avia-img-lazy-loading-not-5612 av-horizontal-gallery-img' width=\"350\" height=\"350\" src=\"https:\/\/phoenixwbc.org\/wp-content\/uploads\/2025\/07\/Briana-Sanchez-Administrative-Assistant-Prestamos-WBC.png\" title='Briana Sanchez - Administrative Assistant - Prestamos WBC' alt='info@phoenixwbc.org' srcset=\"https:\/\/phoenixwbc.org\/wp-content\/uploads\/2025\/07\/Briana-Sanchez-Administrative-Assistant-Prestamos-WBC.png 350w, https:\/\/phoenixwbc.org\/wp-content\/uploads\/2025\/07\/Briana-Sanchez-Administrative-Assistant-Prestamos-WBC-300x300.png 300w, https:\/\/phoenixwbc.org\/wp-content\/uploads\/2025\/07\/Briana-Sanchez-Administrative-Assistant-Prestamos-WBC-80x80.png 80w, https:\/\/phoenixwbc.org\/wp-content\/uploads\/2025\/07\/Briana-Sanchez-Administrative-Assistant-Prestamos-WBC-36x36.png 36w, https:\/\/phoenixwbc.org\/wp-content\/uploads\/2025\/07\/Briana-Sanchez-Administrative-Assistant-Prestamos-WBC-180x180.png 180w\" sizes=\"(max-width: 350px) 100vw, 350px\" \/><a href=\"https:\/\/phoenixwbc.org\/wp-content\/uploads\/2025\/07\/Briana-Sanchez-Administrative-Assistant-Prestamos-WBC.png\" data-srcset=\"https:\/\/phoenixwbc.org\/wp-content\/uploads\/2025\/07\/Briana-Sanchez-Administrative-Assistant-Prestamos-WBC.png 350w, https:\/\/phoenixwbc.org\/wp-content\/uploads\/2025\/07\/Briana-Sanchez-Administrative-Assistant-Prestamos-WBC-300x300.png 300w, https:\/\/phoenixwbc.org\/wp-content\/uploads\/2025\/07\/Briana-Sanchez-Administrative-Assistant-Prestamos-WBC-80x80.png 80w, https:\/\/phoenixwbc.org\/wp-content\/uploads\/2025\/07\/Briana-Sanchez-Administrative-Assistant-Prestamos-WBC-36x36.png 36w, https:\/\/phoenixwbc.org\/wp-content\/uploads\/2025\/07\/Briana-Sanchez-Administrative-Assistant-Prestamos-WBC-180x180.png 180w\" data-sizes=\"(max-width: 350px) 100vw, 350px\" class='av-horizontal-gallery-link' aria-hidden='true' data-av_icon='\ue869' data-av_iconfont='entypo-fontello' title='Briana Sanchez - Administrative Assistant - Prestamos WBC' alt='info@phoenixwbc.org'><\/a><\/div><div class='av-horizontal-gallery-wrap noHover'><img decoding=\"async\" class='wp-image-5614 avia-img-lazy-loading-not-5614 av-horizontal-gallery-img' width=\"350\" height=\"350\" src=\"https:\/\/phoenixwbc.org\/wp-content\/uploads\/2025\/07\/Elizabeth-Leon-Engagement-Coordinator-Prestamos-WBC.png\" title='Elizabeth Leon - Engagement Coordinator - Prestamos WBC' alt='info@phoenixwbc.org' srcset=\"https:\/\/phoenixwbc.org\/wp-content\/uploads\/2025\/07\/Elizabeth-Leon-Engagement-Coordinator-Prestamos-WBC.png 350w, https:\/\/phoenixwbc.org\/wp-content\/uploads\/2025\/07\/Elizabeth-Leon-Engagement-Coordinator-Prestamos-WBC-300x300.png 300w, https:\/\/phoenixwbc.org\/wp-content\/uploads\/2025\/07\/Elizabeth-Leon-Engagement-Coordinator-Prestamos-WBC-80x80.png 80w, https:\/\/phoenixwbc.org\/wp-content\/uploads\/2025\/07\/Elizabeth-Leon-Engagement-Coordinator-Prestamos-WBC-36x36.png 36w, https:\/\/phoenixwbc.org\/wp-content\/uploads\/2025\/07\/Elizabeth-Leon-Engagement-Coordinator-Prestamos-WBC-180x180.png 180w\" sizes=\"(max-width: 350px) 100vw, 350px\" \/><a href=\"https:\/\/phoenixwbc.org\/wp-content\/uploads\/2025\/07\/Elizabeth-Leon-Engagement-Coordinator-Prestamos-WBC.png\" data-srcset=\"https:\/\/phoenixwbc.org\/wp-content\/uploads\/2025\/07\/Elizabeth-Leon-Engagement-Coordinator-Prestamos-WBC.png 350w, https:\/\/phoenixwbc.org\/wp-content\/uploads\/2025\/07\/Elizabeth-Leon-Engagement-Coordinator-Prestamos-WBC-300x300.png 300w, https:\/\/phoenixwbc.org\/wp-content\/uploads\/2025\/07\/Elizabeth-Leon-Engagement-Coordinator-Prestamos-WBC-80x80.png 80w, https:\/\/phoenixwbc.org\/wp-content\/uploads\/2025\/07\/Elizabeth-Leon-Engagement-Coordinator-Prestamos-WBC-36x36.png 36w, https:\/\/phoenixwbc.org\/wp-content\/uploads\/2025\/07\/Elizabeth-Leon-Engagement-Coordinator-Prestamos-WBC-180x180.png 180w\" data-sizes=\"(max-width: 350px) 100vw, 350px\" class='av-horizontal-gallery-link' aria-hidden='true' data-av_icon='\ue869' data-av_iconfont='entypo-fontello' title='Elizabeth Leon - Engagement Coordinator - Prestamos WBC' alt='info@phoenixwbc.org'><\/a><\/div><\/div><\/div><\/div>\n<\/div><\/div><\/div><!-- close content main div --><\/div><\/div><div id='av_section_4'  class='avia-section main_color avia-section-no-padding avia-no-border-styling  avia-bg-style-scroll  avia-builder-el-17  el_after_av_section  avia-builder-el-last   av-minimum-height av-minimum-height-custom  container_wrap sidebar_right' style='background-color: #f7941d;  '  ><div class='container' style='height:10px'><div class='template-page content  av-content-small alpha units'><div class='post-entry post-entry-type-page post-entry-1791'><div class='entry-content-wrapper clearfix'><\/div><\/div><\/div><!-- close content main div --><\/div><\/div><div id='after_section_4'  class='main_color av_default_container_wrap container_wrap sidebar_right' style=' '  ><div class='container' ><div class='template-page content  av-content-small alpha units'><div class='post-entry post-entry-type-page post-entry-1791'><div class='entry-content-wrapper clearfix'><\/p>\n","protected":false},"excerpt":{"rendered":"","protected":false},"author":1,"featured_media":0,"parent":0,"menu_order":0,"comment_status":"closed","ping_status":"closed","template":"","meta":{"footnotes":""},"class_list":["post-1791","page","type-page","status-publish","hentry"],"_links":{"self":[{"href":"https:\/\/phoenixwbc.org\/es\/wp-json\/wp\/v2\/pages\/1791","targetHints":{"allow":["GET"]}}],"collection":[{"href":"https:\/\/phoenixwbc.org\/es\/wp-json\/wp\/v2\/pages"}],"about":[{"href":"https:\/\/phoenixwbc.org\/es\/wp-json\/wp\/v2\/types\/page"}],"author":[{"embeddable":true,"href":"https:\/\/phoenixwbc.org\/es\/wp-json\/wp\/v2\/users\/1"}],"replies":[{"embeddable":true,"href":"https:\/\/phoenixwbc.org\/es\/wp-json\/wp\/v2\/comments?post=1791"}],"version-history":[{"count":17,"href":"https:\/\/phoenixwbc.org\/es\/wp-json\/wp\/v2\/pages\/1791\/revisions"}],"predecessor-version":[{"id":5623,"href":"https:\/\/phoenixwbc.org\/es\/wp-json\/wp\/v2\/pages\/1791\/revisions\/5623"}],"wp:attachment":[{"href":"https:\/\/phoenixwbc.org\/es\/wp-json\/wp\/v2\/media?parent=1791"}],"curies":[{"name":"wp","href":"https:\/\/api.w.org\/{rel}","templated":true}]}}